{"id":57,"date":"2019-10-29T08:55:12","date_gmt":"2019-10-29T08:55:12","guid":{"rendered":"https:\/\/taitocafe.fi\/?page_id=57"},"modified":"2025-10-16T06:25:45","modified_gmt":"2025-10-16T06:25:45","slug":"yhteys","status":"publish","type":"page","link":"https:\/\/taitocafe.fi\/en\/yhteys\/","title":{"rendered":"Yhteys"},"content":{"rendered":"<a href=\"https:\/\/taitocafe.fi\/en\/\"  target=\"_self\" itemprop=\"url\">\n\t\t\t\t<img decoding=\"async\" src=\"https:\/\/taitocafe.fi\/wp-content\/uploads\/2025\/08\/Taito25_Logo_Black.png\" alt=\"Taito25_Logo_Black\" itemprop=\"image\" height=\"608\" width=\"1080\" title=\"Taito25_Logo_Black\" onerror=\"this.style.display='none'\" loading=\"lazy\" \/>\n\t\t\t\t<\/a>\n\t\t\t<a href=\"https:\/\/taitocafe.fi\/en\/muumit\/\" target=\"_self\">\n\t\t\t\t\t\t\tPAKO MUUMILAAKSOON \u00bb\n\t\t\t\t\t<\/a>\n<h2>\n\t\t\tCONTACT US\t<\/h2>\n\t\t\t<a href=\"https:\/\/www.designmuseum.fi\/en\/exhibitions\/\" target=\"_blank\" rel=\"noopener\">\n\t\t\t\t\t\t\tSEE THE MUSEUM EXHIBITIONS\n\t\t\t\t\t<\/a>\n\t<h4>CONTACT US<\/h4>\n<p>myynti@taitocafe.fi<\/p>\n<p>+358 45 7750 3022<\/p>\n\t<h4>OPENING TIMES\u00a0<\/h4>\nTuesday<br \/>\n11:00 &#8211; 20:00\nKeskiviikko &#8211; Sunnuntai<br \/>\n11:00 &#8211; 18:00\n\t<iframe src=\"https:\/\/www.google.com\/maps\/embed\/v1\/place?q=korkevuorenkatu+23&#038;key=AIzaSyD09zQ9PNDNNy9TadMuzRV_UsPUoWKntt8\" aria-hidden=\"true\" title=\"We Locate Here\"><\/iframe>","protected":false},"excerpt":{"rendered":"<p>PAKO MUUMILAAKSOON \u00bb OTA YHTEYTT\u00c4 KATSO MUSEON N\u00c4YTTELYT OTA YHTEYTT\u00c4 myynti@taitocafe.fi +358 45 7750 3022 AVOINNA\u00a0 Tiistai 11:00 &#8211; 20:00 Keskiviikko &#8211; Sunnuntai 11:00 &#8211; 18:00<\/p>","protected":false},"author":2,"featured_media":0,"parent":0,"menu_order":0,"comment_status":"closed","ping_status":"closed","template":"tpl-no-header-footer.php","meta":{"_monsterinsights_skip_tracking":false,"_monsterinsights_sitenote_active":false,"_monsterinsights_sitenote_note":"","_monsterinsights_sitenote_category":0,"footnotes":""},"class_list":["post-57","page","type-page","status-publish","hentry"],"aioseo_notices":[],"_links":{"self":[{"href":"https:\/\/taitocafe.fi\/en\/wp-json\/wp\/v2\/pages\/57","targetHints":{"allow":["GET"]}}],"collection":[{"href":"https:\/\/taitocafe.fi\/en\/wp-json\/wp\/v2\/pages"}],"about":[{"href":"https:\/\/taitocafe.fi\/en\/wp-json\/wp\/v2\/types\/page"}],"author":[{"embeddable":true,"href":"https:\/\/taitocafe.fi\/en\/wp-json\/wp\/v2\/users\/2"}],"replies":[{"embeddable":true,"href":"https:\/\/taitocafe.fi\/en\/wp-json\/wp\/v2\/comments?post=57"}],"version-history":[{"count":20,"href":"https:\/\/taitocafe.fi\/en\/wp-json\/wp\/v2\/pages\/57\/revisions"}],"predecessor-version":[{"id":1192,"href":"https:\/\/taitocafe.fi\/en\/wp-json\/wp\/v2\/pages\/57\/revisions\/1192"}],"wp:attachment":[{"href":"https:\/\/taitocafe.fi\/en\/wp-json\/wp\/v2\/media?parent=57"}],"curies":[{"name":"wp","href":"https:\/\/api.w.org\/{rel}","templated":true}]}}