{"id":50,"date":"2019-10-29T08:54:51","date_gmt":"2019-10-29T08:54:51","guid":{"rendered":"https:\/\/taitocafe.fi\/?page_id=50"},"modified":"2026-04-14T05:43:04","modified_gmt":"2026-04-14T05:43:04","slug":"lounas","status":"publish","type":"page","link":"https:\/\/taitocafe.fi\/en\/lounas\/","title":{"rendered":"Lunch"},"content":{"rendered":"<figure itemscope itemtype=\"https:\/\/schema.org\/ImageObject\">\n\t\t\t\t<a href=\"https:\/\/taitocafe.fi\/en\/\"  target=\"_self\" itemprop=\"url\">\n\t\t\t\t<img decoding=\"async\" src=\"https:\/\/taitocafe.fi\/wp-content\/uploads\/2025\/08\/Taito25_Logo_Black.png\" alt=\"Taito25_Logo_Black\" height=\"608\" width=\"1080\" title=\"Taito25_Logo_Black\" onerror=\"this.style.display='none'\" loading=\"lazy\" \/>\n\t\t\t\t<\/a>\n\t<\/figure>\n\t\t\t<a href=\"https:\/\/taitocafe.fi\/en\/muumit\/\"  target=\"_self\">\n\t\t\t\t\t\t\tPAKO MUUMILAAKSOON \u00bb\n\t\t\t\t\t<\/a>\n<h2>\n\t\t\tLUNCH\t<\/h2>\n<h1  data-animation-delay=\"0\" data-animation-duration=\"1\">\n\t\t\t Let&#8217;s Lunch\t<\/h1>\n<h2  data-animation-delay=\"0\" data-animation-duration=\"1\">\n\t\t\tWe serve it every  day\t<\/h2>\n\t<p>We serve a daily lunch for \u20ac14.50 from Tuesday to Sunday, between 11 AM and 2 PM. The lunch includes the soup of the day, a generous and fresh salad bar, freshly baked sourdough bread, and coffee or tea. Welcome!<\/p>\n\t<strong>TIISTAI 14.4.2026<br \/>\n<\/strong>\n<p>Parsakaali-sitruunakeitto (M\/G\/Vegan)<\/p>\n<strong>KESKIVIIKKO 15.4.2026<br \/>\n<\/strong>\n<p>Paahdettu paprika-tomaattikeitto (M\/G\/Vegan)<\/p>\n<strong>TORSTAI 16.4.2025<br \/>\n<\/strong>\n<p>Juuriselleri-omenakeitto (M\/G\/Vegan)<\/p>\n<p><strong>PERJANTAI 17.4.2026<\/strong><\/p>\n<p>Kermainen pinaattikeitto (M\/G\/Vegan)<\/p>\n<strong>LAUANTAI 18.4.2026<br \/>\n<\/strong>\n<p>V\u00e4limerellinen kalakeitto (M\/G)<\/p>\n<strong>SUNNUNTAI 19.4.2026<br \/>\n<\/strong>\n<p>V\u00e4limerellinen kalakeitto (M\/G)<\/p>\n\t<h4>CONTACT US<\/h4>\nmyynti@taitocafe.fi<br \/>\n+358 45 7750 3022\n<p><a href=\"https:\/\/taitocafe.fi\/wp-content\/uploads\/2025\/03\/Oiva-raportti_Taito-Cafe.pdf\">Oiva-raportti<\/a><\/p>","protected":false},"excerpt":{"rendered":"<p>PAKO MUUMILAAKSOON \u00bb LOUNAS Let&#8217;s Lunch We serve it every day Tarjoilemme p\u00e4ivitt\u00e4isen lounaan hintaan 14,50 \u20ac tiistaista sunnuntaihin klo 11-14. Lounaaseen sis\u00e4ltyy p\u00e4iv\u00e4n keitto, runsas ja raikas salaattip\u00f6yt\u00e4, tuore juureen leivottu leip\u00e4 sek\u00e4 kahvi tai tee. Tervetuloa! TIISTAI 14.4.2026 Parsakaali-sitruunakeitto (M\/G\/Vegan) KESKIVIIKKO 15.4.2026 Paahdettu paprika-tomaattikeitto (M\/G\/Vegan) TORSTAI 16.4.2025 Juuriselleri-omenakeitto (M\/G\/Vegan) PERJANTAI 17.4.2026 Kermainen pinaattikeitto&hellip;<\/p>","protected":false},"author":2,"featured_media":609,"parent":0,"menu_order":0,"comment_status":"closed","ping_status":"closed","template":"tpl-no-header-footer.php","meta":{"_monsterinsights_skip_tracking":false,"_monsterinsights_sitenote_active":false,"_monsterinsights_sitenote_note":"","_monsterinsights_sitenote_category":0,"footnotes":""},"class_list":["post-50","page","type-page","status-publish","has-post-thumbnail","hentry"],"aioseo_notices":[],"_links":{"self":[{"href":"https:\/\/taitocafe.fi\/en\/wp-json\/wp\/v2\/pages\/50","targetHints":{"allow":["GET"]}}],"collection":[{"href":"https:\/\/taitocafe.fi\/en\/wp-json\/wp\/v2\/pages"}],"about":[{"href":"https:\/\/taitocafe.fi\/en\/wp-json\/wp\/v2\/types\/page"}],"author":[{"embeddable":true,"href":"https:\/\/taitocafe.fi\/en\/wp-json\/wp\/v2\/users\/2"}],"replies":[{"embeddable":true,"href":"https:\/\/taitocafe.fi\/en\/wp-json\/wp\/v2\/comments?post=50"}],"version-history":[{"count":20,"href":"https:\/\/taitocafe.fi\/en\/wp-json\/wp\/v2\/pages\/50\/revisions"}],"predecessor-version":[{"id":1242,"href":"https:\/\/taitocafe.fi\/en\/wp-json\/wp\/v2\/pages\/50\/revisions\/1242"}],"wp:featuredmedia":[{"embeddable":true,"href":"https:\/\/taitocafe.fi\/en\/wp-json\/wp\/v2\/media\/609"}],"wp:attachment":[{"href":"https:\/\/taitocafe.fi\/en\/wp-json\/wp\/v2\/media?parent=50"}],"curies":[{"name":"wp","href":"https:\/\/api.w.org\/{rel}","templated":true}]}}