{"id":5,"date":"2019-09-20T08:44:24","date_gmt":"2019-09-20T08:44:24","guid":{"rendered":"https:\/\/taitocafe.fi\/?page_id=5"},"modified":"2025-10-16T06:23:32","modified_gmt":"2025-10-16T06:23:32","slug":"taito-cafe","status":"publish","type":"page","link":"https:\/\/taitocafe.fi\/en\/","title":{"rendered":"Taito Cafe"},"content":{"rendered":"<a href=\"https:\/\/taitocafe.fi\/en\/\"  target=\"_self\" itemprop=\"url\">\n\t\t\t\t<img decoding=\"async\" src=\"https:\/\/taitocafe.fi\/wp-content\/uploads\/2025\/08\/Taito25_Logo_Black.png\" alt=\"Taito25_Logo_Black\" itemprop=\"image\" height=\"608\" width=\"1080\" title=\"Taito25_Logo_Black\" onerror=\"this.style.display='none'\" loading=\"lazy\" \/>\n\t\t\t\t<\/a>\n\t\t\t<a href=\"https:\/\/taitocafe.fi\/en\/muumit\/\" target=\"_self\">\n\t\t\t\t\t\t\tPAKO MUUMILAAKSOON \u00bb\n\t\t\t\t\t<\/a>\n<h1  data-animation-delay=\"1\" data-animation-duration=\"5\">\n\t\t\tTAITO CAF\u00c9\t<\/h1>\n\t\t\t\t<img decoding=\"async\" src=\"https:\/\/taitocafe.fi\/wp-content\/uploads\/2019\/09\/taito_shape_01.png\" alt=\"\" itemprop=\"image\" height=\"1596\" width=\"1296\" onerror=\"this.style.display='none'\" loading=\"lazy\" \/>\n\t<p>Taito Cafe on hurmaava, pieni kahvila Arkkitehtuuri- ja designmuseon tiloissa. Korkeavuorenkadun viehke\u00e4ss\u00e4 korttelissa sijaitseva Taito Cafe haluaa tarjota ruokaa ja juomaa kaikille, kaupunkilaisille sek\u00e4 turisteille.<\/p>\n<p>Ajan hermoilla kulkeva Taito Cafe yhdist\u00e4\u00e4 suomalaisen muotoilun tyylikk\u00e4\u00e4n rentoon ruokailuun.\u00a0Muotoilu ja taide syntyy <b>passion, love and skill<\/b>. Just like Taito Cafe.<\/p>\n\t<p>Meille on suunnattoman t\u00e4rke\u00e4\u00e4 tukea l\u00e4hiruokaa sek\u00e4 pienyritt\u00e4ji\u00e4, joka n\u00e4kyy meid\u00e4n huolellisesti valikoidussa menussa! Taito Cafesta tuoreet leiv\u00e4t, piiraat ja makeat leivonnaiset. Kahvilasta saat my\u00f6s paikallisen paahtimon Kaffa Roasteryn kahvia sek\u00e4 muita virvokkeita. Piipahda lounaalla taikka kuohuviinill\u00e4 &#8211; takaamme laadukkaista raaka-aineista luodun makuel\u00e4myksen.<\/p>\n<p>&nbsp;<\/p>\n<p>In our cafe you will find <a href=\"https:\/\/taitocafe.fi\/en\/lounas\/\">a daily soup lunch<\/a> tiistaista sunnuntaihin klo\u00a011-14. 14,50 euron hintaan sis\u00e4ltyy p\u00e4iv\u00e4n keitto, runsas salaattip\u00f6yt\u00e4, leip\u00e4 sek\u00e4 kahvi\/tee.<\/p>\n<p>&nbsp;<\/p>\n<p>Welcome to the heart of the Design Shop, where you can relax in the serene atmosphere of Taito Caf\u00e9 and indulge in delightful treats! It\u2019s hard to find a coffee moment more inspiring than this.\u00a0<\/p>\n\t\t\t\t<img decoding=\"async\" src=\"https:\/\/taitocafe.fi\/wp-content\/uploads\/2019\/09\/taito_shape_01.png\" alt=\"\" itemprop=\"image\" height=\"1596\" width=\"1296\" onerror=\"this.style.display='none'\" loading=\"lazy\" \/>\n<h4  data-animation-delay=\"0\" data-animation-duration=\"1\">\n\t\t\tAUTHENTICITY AND LOVE\t<\/h4>\n\t<p>At Taito Cafe, food is our first priority. Everything we serve is carefully and thoughtfully prepared. In our kitchen, you can truly feel the genuine love for food.<\/p>\n<h4  data-animation-delay=\"0\" data-animation-duration=\"1\">\n\t\t\tLOCAL PRODUCERS\t<\/h4>\n\t<p>We are committed to supporting domestic and local small businesses. It\u2019s important to us that our product selection is thoughtfully crafted, with great respect for producers from nearby regions.<\/p>\n<h4  data-animation-delay=\"0\" data-animation-duration=\"1\">\n\t\t\tSerene atmosphere\t<\/h4>\n\t<p>Taito Caf\u00e9 wants to offer food and drinks for everyone equally, in an environment where all are welcome! Sit back, relax, and enjoy your coffee with friends in a warm and inviting atmosphere.<\/p>\n\t<h4>CONTACT US<\/h4>\nmyynti@taitocafe.fi<br \/>\n+358 45 7750 3022\n<p><a href=\"https:\/\/taitocafe.fi\/wp-content\/uploads\/2025\/03\/Oiva-raportti_Taito-Cafe.pdf\">Oiva-raportti<\/a><\/p>","protected":false},"excerpt":{"rendered":"<p>PAKO MUUMILAAKSOON \u00bb TAITO CAF\u00c9 Taito Cafe on hurmaava, pieni kahvila Arkkitehtuuri- ja designmuseon tiloissa. Korkeavuorenkadun viehke\u00e4ss\u00e4 korttelissa sijaitseva Taito Cafe haluaa tarjota ruokaa ja juomaa kaikille, kaupunkilaisille sek\u00e4 turisteille. Ajan hermoilla kulkeva Taito Cafe yhdist\u00e4\u00e4 suomalaisen muotoilun tyylikk\u00e4\u00e4n rentoon ruokailuun.\u00a0Muotoilu ja taide syntyy tunteesta, rakkaudesta ja ammattitaidosta. Aivan kuten Taito Cafekin. Meille on suunnattoman&hellip;<\/p>","protected":false},"author":1,"featured_media":868,"parent":0,"menu_order":0,"comment_status":"closed","ping_status":"closed","template":"","meta":{"_monsterinsights_skip_tracking":false,"_monsterinsights_sitenote_active":false,"_monsterinsights_sitenote_note":"","_monsterinsights_sitenote_category":0,"footnotes":""},"class_list":["post-5","page","type-page","status-publish","has-post-thumbnail","hentry"],"aioseo_notices":[],"_links":{"self":[{"href":"https:\/\/taitocafe.fi\/en\/wp-json\/wp\/v2\/pages\/5","targetHints":{"allow":["GET"]}}],"collection":[{"href":"https:\/\/taitocafe.fi\/en\/wp-json\/wp\/v2\/pages"}],"about":[{"href":"https:\/\/taitocafe.fi\/en\/wp-json\/wp\/v2\/types\/page"}],"author":[{"embeddable":true,"href":"https:\/\/taitocafe.fi\/en\/wp-json\/wp\/v2\/users\/1"}],"replies":[{"embeddable":true,"href":"https:\/\/taitocafe.fi\/en\/wp-json\/wp\/v2\/comments?post=5"}],"version-history":[{"count":20,"href":"https:\/\/taitocafe.fi\/en\/wp-json\/wp\/v2\/pages\/5\/revisions"}],"predecessor-version":[{"id":1189,"href":"https:\/\/taitocafe.fi\/en\/wp-json\/wp\/v2\/pages\/5\/revisions\/1189"}],"wp:featuredmedia":[{"embeddable":true,"href":"https:\/\/taitocafe.fi\/en\/wp-json\/wp\/v2\/media\/868"}],"wp:attachment":[{"href":"https:\/\/taitocafe.fi\/en\/wp-json\/wp\/v2\/media?parent=5"}],"curies":[{"name":"wp","href":"https:\/\/api.w.org\/{rel}","templated":true}]}}