{"id":142,"date":"2019-11-14T10:12:02","date_gmt":"2019-11-14T10:12:02","guid":{"rendered":"https:\/\/taitocafe.fi\/?page_id=142"},"modified":"2025-10-16T06:25:11","modified_gmt":"2025-10-16T06:25:11","slug":"catering","status":"publish","type":"page","link":"https:\/\/taitocafe.fi\/en\/catering\/","title":{"rendered":"Catering"},"content":{"rendered":"<a href=\"https:\/\/taitocafe.fi\/en\/\"  target=\"_self\" itemprop=\"url\">\n\t\t\t\t<img decoding=\"async\" src=\"https:\/\/taitocafe.fi\/wp-content\/uploads\/2025\/08\/Taito25_Logo_Black.png\" alt=\"Taito25_Logo_Black\" itemprop=\"image\" height=\"608\" width=\"1080\" title=\"Taito25_Logo_Black\" onerror=\"this.style.display='none'\" loading=\"lazy\" \/>\n\t\t\t\t<\/a>\n\t\t\t<a href=\"https:\/\/taitocafe.fi\/en\/muumit\/\" target=\"_self\">\n\t\t\t\t\t\t\tPAKO MUUMILAAKSOON \u00bb\n\t\t\t\t\t<\/a>\n<h1  data-animation-delay=\"0.6\" data-animation-duration=\"1\">\n\t\t\tPRIVATE EVENTS\t<\/h1>\n\t<p>Helsingin Arkkitehtuuri- ja designmuseossa voit j\u00e4rjest\u00e4\u00e4 monenlaisia tilaisuuksia aina syntym\u00e4p\u00e4iv\u00e4juhlista p\u00e4iv\u00e4kokouksiin ja yritysten illallistilaisuuksiin. Lis\u00e4ksi meid\u00e4n kauttamme onnistuu catering-palvelut sek\u00e4 niin pienille kuin suurillekin ryhmille! \u00a0<\/p>\n<p>Olemme makuel\u00e4mysten kokeneita ammattilaisia. Huolella mietityt, kunkin asiakkaan ja tilaisuuden yksil\u00f6llisi\u00e4 tarpeita mukailevat menukokonaisuudet ovat meille syd\u00e4men asia. Suunnittelemamme menukokonaisuudet ovat huolella harkittuja. Tunnemme klassikot ja tutkimme innolla uusia tuulia. Ruokamme onkin onnistunut sekoitus uutta ja vanhaa, perinteist\u00e4 ja modernia. Maku on vain yksi osa ruokaa, joten panostamme aina my\u00f6s ruuan ulkon\u00e4k\u00f6\u00f6n ja esillepanoon.\u00a0<\/p>\n<p>Suunnittelemme menut sopimaan juuri teid\u00e4n tilaisuuteenne. Ammattitaitoiset myyj\u00e4mme kuuntelevat herk\u00e4ll\u00e4 korvalla toiveitanne ja keitti\u00f6mestarimme suunnittelee menuehdotuksen niiden pohjalta. Otamme menuissamme aina huomioon kokonaisuuden &#8211; kaikkien osa-alueiden tulee toimia yhteen.<\/p>\n\t\t\t<a href=\"https:\/\/taitocafe.fi\/en\/yhteys\/\" target=\"_self\">\n\t\t\t\t\t\t\tCONTACT US\n\t\t\t<\/a>","protected":false},"excerpt":{"rendered":"<p>PAKO MUUMILAAKSOON \u00bb YKSITYISTILAISUUDET Helsingin Arkkitehtuuri- ja designmuseossa voit j\u00e4rjest\u00e4\u00e4 monenlaisia tilaisuuksia aina syntym\u00e4p\u00e4iv\u00e4juhlista p\u00e4iv\u00e4kokouksiin ja yritysten illallistilaisuuksiin. Lis\u00e4ksi meid\u00e4n kauttamme onnistuu catering-palvelut sek\u00e4 niin pienille kuin suurillekin ryhmille! \u00a0 Olemme makuel\u00e4mysten kokeneita ammattilaisia. Huolella mietityt, kunkin asiakkaan ja tilaisuuden yksil\u00f6llisi\u00e4 tarpeita mukailevat menukokonaisuudet ovat meille syd\u00e4men asia. Suunnittelemamme menukokonaisuudet ovat huolella harkittuja. Tunnemme klassikot&hellip;<\/p>","protected":false},"author":2,"featured_media":0,"parent":0,"menu_order":0,"comment_status":"closed","ping_status":"closed","template":"tpl-no-header-footer.php","meta":{"_monsterinsights_skip_tracking":false,"_monsterinsights_sitenote_active":false,"_monsterinsights_sitenote_note":"","_monsterinsights_sitenote_category":0,"footnotes":""},"class_list":["post-142","page","type-page","status-publish","hentry"],"aioseo_notices":[],"_links":{"self":[{"href":"https:\/\/taitocafe.fi\/en\/wp-json\/wp\/v2\/pages\/142","targetHints":{"allow":["GET"]}}],"collection":[{"href":"https:\/\/taitocafe.fi\/en\/wp-json\/wp\/v2\/pages"}],"about":[{"href":"https:\/\/taitocafe.fi\/en\/wp-json\/wp\/v2\/types\/page"}],"author":[{"embeddable":true,"href":"https:\/\/taitocafe.fi\/en\/wp-json\/wp\/v2\/users\/2"}],"replies":[{"embeddable":true,"href":"https:\/\/taitocafe.fi\/en\/wp-json\/wp\/v2\/comments?post=142"}],"version-history":[{"count":20,"href":"https:\/\/taitocafe.fi\/en\/wp-json\/wp\/v2\/pages\/142\/revisions"}],"predecessor-version":[{"id":1191,"href":"https:\/\/taitocafe.fi\/en\/wp-json\/wp\/v2\/pages\/142\/revisions\/1191"}],"wp:attachment":[{"href":"https:\/\/taitocafe.fi\/en\/wp-json\/wp\/v2\/media?parent=142"}],"curies":[{"name":"wp","href":"https:\/\/api.w.org\/{rel}","templated":true}]}}