{"id":1144,"date":"2025-10-10T08:45:19","date_gmt":"2025-10-10T08:45:19","guid":{"rendered":"https:\/\/taitocafe.fi\/?page_id=1144"},"modified":"2026-01-29T12:00:44","modified_gmt":"2026-01-29T12:00:44","slug":"muumit","status":"publish","type":"page","link":"https:\/\/taitocafe.fi\/en\/muumit\/","title":{"rendered":"Muumit"},"content":{"rendered":"<figure itemscope itemtype=\"https:\/\/schema.org\/ImageObject\">\n\t\t\t\t<img decoding=\"async\" src=\"https:\/\/taitocafe.fi\/wp-content\/uploads\/2025\/08\/Taito25_Logo_Black.png\" alt=\"Taito25_Logo_Black\" height=\"608\" width=\"1080\" title=\"Taito25_Logo_Black\" onerror=\"this.style.display='none'\" loading=\"lazy\" \/>\n\t<\/figure>\n<h1  data-animation-delay=\"1\" data-animation-duration=\"5\">\n\t\t\tPako Muumilaaksoon\t<\/h1>\n\t<p>Arkkitehtuuri- ja designmuseon Pako Muumilaaksoon -n\u00e4yttely tarjoaa el\u00e4myksi\u00e4 niin Muumien yst\u00e4ville kuin uusia oivalluksia my\u00f6s muotoilu- ja arkkitehtuurialan tuntijoille.<\/p>\n<p>N\u00e4yttelyn yhteyteen ollaan luotu ainutlaatuinen ja el\u00e4myksellinen ryhm\u00e4menu, joka on saatavilla tilauksesta.<\/p>\n\t\t\t<a href=\"https:\/\/taitocafe.fi\/en\/muumit\/#varaus\"  target=\"_self\">\n\t\t\t\t\t\t\tOTA YHTEYTT\u00c4 JA VARAA \u00bb\n\t\t\t\t\t<\/a>\n<h2>\n\t\t\tPAKO MUUMILAAKSOON\t<\/h2>\n<h3>\n\t\t\t62 \u20ac \/ hl\u00f6 (sis. alv)\t<\/h3>\n\t<p>AD-museon luentosali yksityisk\u00e4ytt\u00f6\u00f6n kalustettuna p\u00f6yt\u00e4ryhmill\u00e4 tai tuoliriveill\u00e4 2 tunniksi<\/p>\n<p>Astiat ja henkil\u00f6kunnan<\/p>\n<h3>\n\t\t\tALKUMALJA\t<\/h3>\n\tVaapukka Sour, alkoholiton<br \/>\n(saatavilla alkoholillisena +5,00\u20ac \/ hl\u00f6)\n<h3>\n\t\t\tMENU\t<\/h3>\n\t<p>Niitynlaidan vihersalaatti &#8211; villiyrttej\u00e4, retiisi\u00e4, sy\u00f6t\u00e4vi\u00e4 kukkia ja puutarhan vinegrette\u00e4<\/p>\n<p>Onkijan savusiika &#8211; perunasalaatti tillill\u00e4 ja omenalla<\/p>\n<p>Puutarhan juuresvati &#8211; paahdettua porkkanaa, punajuurta ja palsternakkaa yrtti\u00f6ljyll\u00e4<\/p>\n<p>Kalasaaliis saaristolaisleiv\u00e4ll\u00e4 &#8211; silakkamoussea ja pikkel\u00f6ity\u00e4 punasipulia<\/p>\n<p>Mets\u00e4ntuoksuiset pienet sienipiiraat<\/p>\n<p>Tuvan leivinuunista riisipiirakat munavoilla<\/p>\n<p>Seikkailijan rieskarullat kylm\u00e4savulohella ja tillituorejuustolla<\/p>\n<p>***<\/p>\n<p>Mamman pannukakut, mansikkahilloa ja jugurttivaahtoa<\/p>\n<h3>\n\t\t\tLIS\u00c4KSI SAATAVILLA\t<\/h3>\n\t<p>Tummapaahtoinen kahvi ja haudutettu tee 4 \u20ac \/ hl\u00f6<\/p>\n<p>Kuohuviini 42 \u20ac \/ plo<\/p>\n<p>Puna- ja valkoviini 39 \u20ac \/ plo<\/p>\n<p>Poikain Parhaat Limonadit 4,5 \u20ac \/ plo<\/p>\n<h3>\n\t\t\tPAKO MUUMILAAKSOON-N\u00c4YTTELYN SIS\u00c4\u00c4NP\u00c4\u00c4SY\t<\/h3>\n\t<p>Sis\u00e4\u00e4np\u00e4\u00e4sy n\u00e4yttelyihin hintaan 22,00\u20ac tai museokortilla, maksetaan kassalle tai voidaan laittaa yhteislaskulle<\/p>\n<figure itemscope itemtype=\"https:\/\/schema.org\/ImageObject\">\n\t\t\t\t<img decoding=\"async\" src=\"https:\/\/taitocafe.fi\/wp-content\/uploads\/2025\/10\/admuseo-sisaankaynti.jpg\" alt=\"admuseo sis\u00e4\u00e4nk\u00e4ynti\" height=\"1080\" width=\"1080\" title=\"admuseo sis\u00e4\u00e4nk\u00e4ynti\" onerror=\"this.style.display='none'\" loading=\"lazy\" \/>\n\t<\/figure>\n<h3>\n\t\t\tMUUMI-N\u00c4YTTELYN OPASTUS\t<\/h3>\n\t<p>Pako Muumilaaksoon -n\u00e4yttelyn opastus arkisin 110 \u20ac (max. 25 henkil\u00f6\u00e4, kesto 45min) ja viikonloppuisin 220 \u20ac (max. 25 henkil\u00f6\u00e4, kesto 45min), varattavissa useita opastuksia samaan aikaan<\/p>\n\n<p>Koe Pako Muumilaaksoon -n\u00e4yttely asiantuntevan museo-oppaan johdolla. Opastus avaa n\u00e4yttely\u00e4 laajemmin ja syvent\u00e4\u00e4 sen teemoja oppaan valitsemien teosten kautta. Opastuksella on aikaa my\u00f6s kysymyksille ja keskustelulle.<\/p>\n\n<p>Pako Muumilaaksoon -n\u00e4yttely k\u00e4sittelee ennenn\u00e4kem\u00e4tt\u00f6m\u00e4ll\u00e4 tavalla Tove Janssonin ja Muumien suhdetta arkkitehtuuriin, rakennettuun ymp\u00e4rist\u00f6\u00f6n ja muotoiluun<\/p>\n<figure itemscope itemtype=\"https:\/\/schema.org\/ImageObject\">\n\t\t\t\t<img decoding=\"async\" src=\"https:\/\/taitocafe.fi\/wp-content\/uploads\/2025\/10\/tyopajat.jpg\" alt=\"ty\u00f6pajat\" height=\"1080\" width=\"1080\" title=\"ty\u00f6pajat\" onerror=\"this.style.display='none'\" loading=\"lazy\" \/>\n\t<\/figure>\n<h3>\n\t\t\tMUUMI-N\u00c4YTTELYN TY\u00d6PAJA\t<\/h3>\n\t<p>Pako Muumilaaksoon-n\u00e4yttelyn ty\u00f6paja arkisin 250 \u20ac (max. 25 henkil\u00f6\u00e4, kesto 2h) ja viikonloppuisin 400 \u20ac (max. 25 henkil\u00f6\u00e4, kesto 2h)<\/p>\n\n<p>Tule mukaan tekem\u00e4\u00e4n kuvia Tove Janssonin ja muumitarinoiden hengess\u00e4! Ohjatussa ty\u00f6pajassa rentoudutaan kuvan tekemisen \u00e4\u00e4rell\u00e4, kuunnellaan muumitarinoita ja opetellaan my\u00f6s hieman tekniikkaa.<\/p>\n\n<p>K\u00e4ytett\u00e4v\u00e4t tekniikat vaihtuvat kauden mukaan:<\/p>\n<p><strong>Raapetekniikka 15.11.2025-7.3.2026<\/strong><\/p>\n<p><strong>Muste ja tussi 21.3.2026-27.6.2026<\/strong><\/p>\n<p><strong>Akvarelli 11.7.2026-17.10.2026<\/strong><\/p>\n<h2  id=\"varaus\">\n\t\t\tLIS\u00c4TIEDOT JA VARAUKSET\t<\/h2>\n\tArkisin klo 09:00 &#8211; 15:00<br \/>\n<a href=\"mailto:myynti@taitocafe.fi\">myynti@taitocafe.fi<\/a><br \/>\n<a href=\"tel:+358 45 775 030 60\">+358 45 775 030 60<\/a>","protected":false},"excerpt":{"rendered":"<p>Pako Muumilaaksoon Arkkitehtuuri- ja designmuseon Pako Muumilaaksoon -n\u00e4yttely tarjoaa el\u00e4myksi\u00e4 niin Muumien yst\u00e4ville kuin uusia oivalluksia my\u00f6s muotoilu- ja arkkitehtuurialan tuntijoille. N\u00e4yttelyn yhteyteen ollaan luotu ainutlaatuinen ja el\u00e4myksellinen ryhm\u00e4menu, joka on saatavilla tilauksesta. OTA YHTEYTT\u00c4 JA VARAA \u00bb PAKO MUUMILAAKSOON 62 \u20ac \/ hl\u00f6 (sis. alv) AD-museon luentosali yksityisk\u00e4ytt\u00f6\u00f6n kalustettuna p\u00f6yt\u00e4ryhmill\u00e4 tai tuoliriveill\u00e4 2 tunniksi&hellip;<\/p>","protected":false},"author":4,"featured_media":1149,"parent":0,"menu_order":0,"comment_status":"closed","ping_status":"closed","template":"tpl-no-header-footer.php","meta":{"_monsterinsights_skip_tracking":false,"_monsterinsights_sitenote_active":false,"_monsterinsights_sitenote_note":"","_monsterinsights_sitenote_category":0,"footnotes":""},"class_list":["post-1144","page","type-page","status-publish","has-post-thumbnail","hentry"],"aioseo_notices":[],"_links":{"self":[{"href":"https:\/\/taitocafe.fi\/en\/wp-json\/wp\/v2\/pages\/1144","targetHints":{"allow":["GET"]}}],"collection":[{"href":"https:\/\/taitocafe.fi\/en\/wp-json\/wp\/v2\/pages"}],"about":[{"href":"https:\/\/taitocafe.fi\/en\/wp-json\/wp\/v2\/types\/page"}],"author":[{"embeddable":true,"href":"https:\/\/taitocafe.fi\/en\/wp-json\/wp\/v2\/users\/4"}],"replies":[{"embeddable":true,"href":"https:\/\/taitocafe.fi\/en\/wp-json\/wp\/v2\/comments?post=1144"}],"version-history":[{"count":11,"href":"https:\/\/taitocafe.fi\/en\/wp-json\/wp\/v2\/pages\/1144\/revisions"}],"predecessor-version":[{"id":1223,"href":"https:\/\/taitocafe.fi\/en\/wp-json\/wp\/v2\/pages\/1144\/revisions\/1223"}],"wp:featuredmedia":[{"embeddable":true,"href":"https:\/\/taitocafe.fi\/en\/wp-json\/wp\/v2\/media\/1149"}],"wp:attachment":[{"href":"https:\/\/taitocafe.fi\/en\/wp-json\/wp\/v2\/media?parent=1144"}],"curies":[{"name":"wp","href":"https:\/\/api.w.org\/{rel}","templated":true}]}}